{"id":800,"date":"2024-03-26T10:31:55","date_gmt":"2024-03-26T10:31:55","guid":{"rendered":"https:\/\/spiele.leitfaden-kuladigrlp.de\/?page_id=800"},"modified":"2024-04-15T07:01:49","modified_gmt":"2024-04-15T07:01:49","slug":"kreuzwortratsel-zu-pirmasens","status":"publish","type":"page","link":"https:\/\/spiele.leitfaden-kuladigrlp.de\/?page_id=800","title":{"rendered":"Kreuzwortr\u00e4tsel zur Gerberei Gebr\u00fcder Fahr in Pirmasens"},"content":{"rendered":"\n<p>Hilfreiche Tipps zum L\u00f6sen des Kreuzwortr\u00e4tsels finden Sie im KuLaDig-Objekt zur <a href=\"https:\/\/www.kuladig.de\/Objektansicht\/KLD-352152\">Gerberei Gebr\u00fcder Fahr im Strecktal<\/a>. <\/p>\n\n\n\n<p><code><code><div class=\"h5p-iframe-wrapper\"><iframe id=\"h5p-iframe-34\" class=\"h5p-iframe\" data-content-id=\"34\" style=\"height:1px\" src=\"about:blank\" frameBorder=\"0\" scrolling=\"no\" title=\"Kreuzwortr\u00e4tsel zur Gerberei Gebr\u00fcder Fahr in Pirmasens\"><\/iframe><\/div><\/code><\/code><\/p>\n\n\n\n<p><\/p>\n","protected":false},"excerpt":{"rendered":"<p>Hilfreiche Tipps zum L\u00f6sen des Kreuzwortr\u00e4tsels finden Sie im KuLaDig-Objekt zur Gerberei Gebr\u00fcder Fahr im Strecktal.<\/p>\n","protected":false},"author":1,"featured_media":0,"parent":0,"menu_order":0,"comment_status":"closed","ping_status":"closed","template":"","meta":{"footnotes":""},"class_list":["post-800","page","type-page","status-publish","hentry"],"_links":{"self":[{"href":"https:\/\/spiele.leitfaden-kuladigrlp.de\/index.php?rest_route=\/wp\/v2\/pages\/800","targetHints":{"allow":["GET"]}}],"collection":[{"href":"https:\/\/spiele.leitfaden-kuladigrlp.de\/index.php?rest_route=\/wp\/v2\/pages"}],"about":[{"href":"https:\/\/spiele.leitfaden-kuladigrlp.de\/index.php?rest_route=\/wp\/v2\/types\/page"}],"author":[{"embeddable":true,"href":"https:\/\/spiele.leitfaden-kuladigrlp.de\/index.php?rest_route=\/wp\/v2\/users\/1"}],"replies":[{"embeddable":true,"href":"https:\/\/spiele.leitfaden-kuladigrlp.de\/index.php?rest_route=%2Fwp%2Fv2%2Fcomments&post=800"}],"version-history":[{"count":4,"href":"https:\/\/spiele.leitfaden-kuladigrlp.de\/index.php?rest_route=\/wp\/v2\/pages\/800\/revisions"}],"predecessor-version":[{"id":876,"href":"https:\/\/spiele.leitfaden-kuladigrlp.de\/index.php?rest_route=\/wp\/v2\/pages\/800\/revisions\/876"}],"wp:attachment":[{"href":"https:\/\/spiele.leitfaden-kuladigrlp.de\/index.php?rest_route=%2Fwp%2Fv2%2Fmedia&parent=800"}],"curies":[{"name":"wp","href":"https:\/\/api.w.org\/{rel}","templated":true}]}}